{"id":202,"date":"2024-03-04T12:38:07","date_gmt":"2024-03-04T11:38:07","guid":{"rendered":"http:\/\/new.solarniverejneosvetleni.cz\/?page_id=202"},"modified":"2024-10-03T17:30:15","modified_gmt":"2024-10-03T15:30:15","slug":"zaruky","status":"publish","type":"page","link":"https:\/\/solarniverejneosvetleni.cz\/index.php\/zaruky\/","title":{"rendered":"Z\u00e1ruky"},"content":{"rendered":"\n<p><h1>Z\u00e1ruky<\/h1><\/p>\n\n\n\n<p>Z\u00e1ru\u010dn\u00ed doba na sol\u00e1rn\u00ed lampy Enstore je 5 let (60 m\u011bs\u00edc\u016f). <\/p>\n\n\n\n<p><p style=\"color:#FF0000;\">Z\u00e1ru\u010dn\u00ed doba na baterie je 25 let (300 m\u011bs\u00edc\u016f).<\/p><\/p>\n\n\n\n<p>U sol\u00e1rn\u00edch lamp Enstore se zabudovan\u00fdm syst\u00e9mem GSM pro spojen\u00ed s technick\u00fdm monitoringem hrad\u00ed provoz datov\u00e9 karty po dobu 10 let v\u00fdrobce Enstore. P\u0159i pokra\u010dov\u00e1n\u00ed technick\u00e9ho monitoringu p\u0159ech\u00e1z\u00ed \u00fahrada provozu GSM na majitele lampy.<\/p>\n\n\n\n<p><\/p>\n","protected":false},"excerpt":{"rendered":"<p>Z\u00e1ruky Z\u00e1ru\u010dn\u00ed doba na sol\u00e1rn\u00ed lampy Enstore je 5 let (60 m\u011bs\u00edc\u016f). Z\u00e1ru\u010dn\u00ed doba na baterie je 25 let (300 m\u011bs\u00edc\u016f). U sol\u00e1rn\u00edch lamp Enstore se zabudovan\u00fdm syst\u00e9mem GSM pro spojen\u00ed s technick\u00fdm monitoringem hrad\u00ed provoz datov\u00e9 karty po dobu 10 let v\u00fdrobce Enstore. P\u0159i pokra\u010dov\u00e1n\u00ed technick\u00e9ho monitoringu p\u0159ech\u00e1z\u00ed \u00fahrada provozu GSM na majitele lampy.<\/p>\n","protected":false},"author":1,"featured_media":0,"parent":0,"menu_order":0,"comment_status":"closed","ping_status":"closed","template":"","meta":{"ngg_post_thumbnail":0,"footnotes":""},"_links":{"self":[{"href":"https:\/\/solarniverejneosvetleni.cz\/index.php\/wp-json\/wp\/v2\/pages\/202"}],"collection":[{"href":"https:\/\/solarniverejneosvetleni.cz\/index.php\/wp-json\/wp\/v2\/pages"}],"about":[{"href":"https:\/\/solarniverejneosvetleni.cz\/index.php\/wp-json\/wp\/v2\/types\/page"}],"author":[{"embeddable":true,"href":"https:\/\/solarniverejneosvetleni.cz\/index.php\/wp-json\/wp\/v2\/users\/1"}],"replies":[{"embeddable":true,"href":"https:\/\/solarniverejneosvetleni.cz\/index.php\/wp-json\/wp\/v2\/comments?post=202"}],"version-history":[{"count":5,"href":"https:\/\/solarniverejneosvetleni.cz\/index.php\/wp-json\/wp\/v2\/pages\/202\/revisions"}],"predecessor-version":[{"id":649,"href":"https:\/\/solarniverejneosvetleni.cz\/index.php\/wp-json\/wp\/v2\/pages\/202\/revisions\/649"}],"wp:attachment":[{"href":"https:\/\/solarniverejneosvetleni.cz\/index.php\/wp-json\/wp\/v2\/media?parent=202"}],"curies":[{"name":"wp","href":"https:\/\/api.w.org\/{rel}","templated":true}]}}