{"id":199,"date":"2024-03-04T12:34:01","date_gmt":"2024-03-04T11:34:01","guid":{"rendered":"http:\/\/new.solarniverejneosvetleni.cz\/?page_id=199"},"modified":"2024-06-05T17:46:23","modified_gmt":"2024-06-05T15:46:23","slug":"ceny","status":"publish","type":"page","link":"https:\/\/solarniverejneosvetleni.cz\/index.php\/ceny\/","title":{"rendered":"Ceny"},"content":{"rendered":"\n<p><h1>Ceny<\/h1><\/p>\n\n\n\n<p>Cena za dod\u00e1vku a instalaci sol\u00e1rn\u00edch lamp Enstore je ni\u017e\u0161\u00ed, nebo p\u0159ibli\u017en\u011b stejn\u00e1, jako cena za z\u0159\u00edzen\u00ed sv\u011bteln\u00fdch bod\u016f pomoc\u00ed klasick\u00fdch lamp ve\u0159ejn\u00e9ho osv\u011btlen\u00ed s p\u0159ipojen\u00edm elektrick\u00fdm kabelem. Je tedy v\u017edy p\u0159edev\u0161\u00edm na zv\u00e1\u017een\u00ed, zda v konkr\u00e9tn\u00edm m\u00edst\u011b investovat do p\u0159\u00edvodu elekt\u0159iny, nebo do kvalitn\u00ed sol\u00e1rn\u00ed alternativy se stejnou spolehlivost\u00ed a \u017eivotnost\u00ed. <\/p>\n\n\n\n<p>Sd\u011blte n\u00e1m va\u0161e konkr\u00e9tn\u00ed zad\u00e1n\u00ed a my v\u00e1m obratem zpracujeme n\u00e1vrh \u0159e\u0161en\u00ed a cenovou nab\u00eddku.<\/p>\n\n\n\n<p><b>Kontakty:<\/b><br>Email: solarni.lampy@enstore.cz<br>Tel. +420.605 037 832<\/p>\n","protected":false},"excerpt":{"rendered":"<p>Ceny Cena za dod\u00e1vku a instalaci sol\u00e1rn\u00edch lamp Enstore je ni\u017e\u0161\u00ed, nebo p\u0159ibli\u017en\u011b stejn\u00e1, jako cena za z\u0159\u00edzen\u00ed sv\u011bteln\u00fdch bod\u016f pomoc\u00ed klasick\u00fdch lamp ve\u0159ejn\u00e9ho osv\u011btlen\u00ed s p\u0159ipojen\u00edm elektrick\u00fdm kabelem. Je tedy v\u017edy p\u0159edev\u0161\u00edm na zv\u00e1\u017een\u00ed, zda v konkr\u00e9tn\u00edm m\u00edst\u011b investovat do p\u0159\u00edvodu elekt\u0159iny, nebo do kvalitn\u00ed sol\u00e1rn\u00ed alternativy se stejnou spolehlivost\u00ed a \u017eivotnost\u00ed. Sd\u011blte n\u00e1m<\/p>\n<div class=\"more-link\">\n\t\t\t\t <a href=\"https:\/\/solarniverejneosvetleni.cz\/index.php\/ceny\/\" class=\"link-btn theme-btn\"><span>Read More <\/span> <i class=\"fa fa-caret-right\"><\/i><\/a>\n\t\t\t<\/div>\n","protected":false},"author":1,"featured_media":0,"parent":0,"menu_order":0,"comment_status":"closed","ping_status":"closed","template":"","meta":{"ngg_post_thumbnail":0,"footnotes":""},"_links":{"self":[{"href":"https:\/\/solarniverejneosvetleni.cz\/index.php\/wp-json\/wp\/v2\/pages\/199"}],"collection":[{"href":"https:\/\/solarniverejneosvetleni.cz\/index.php\/wp-json\/wp\/v2\/pages"}],"about":[{"href":"https:\/\/solarniverejneosvetleni.cz\/index.php\/wp-json\/wp\/v2\/types\/page"}],"author":[{"embeddable":true,"href":"https:\/\/solarniverejneosvetleni.cz\/index.php\/wp-json\/wp\/v2\/users\/1"}],"replies":[{"embeddable":true,"href":"https:\/\/solarniverejneosvetleni.cz\/index.php\/wp-json\/wp\/v2\/comments?post=199"}],"version-history":[{"count":5,"href":"https:\/\/solarniverejneosvetleni.cz\/index.php\/wp-json\/wp\/v2\/pages\/199\/revisions"}],"predecessor-version":[{"id":647,"href":"https:\/\/solarniverejneosvetleni.cz\/index.php\/wp-json\/wp\/v2\/pages\/199\/revisions\/647"}],"wp:attachment":[{"href":"https:\/\/solarniverejneosvetleni.cz\/index.php\/wp-json\/wp\/v2\/media?parent=199"}],"curies":[{"name":"wp","href":"https:\/\/api.w.org\/{rel}","templated":true}]}}