{"id":179,"date":"2024-03-04T12:07:48","date_gmt":"2024-03-04T11:07:48","guid":{"rendered":"http:\/\/new.solarniverejneosvetleni.cz\/?page_id=179"},"modified":"2024-03-06T14:23:39","modified_gmt":"2024-03-06T13:23:39","slug":"o-nas","status":"publish","type":"page","link":"https:\/\/solarniverejneosvetleni.cz\/index.php\/o-nas\/","title":{"rendered":"O n\u00e1s"},"content":{"rendered":"\n<h1> O n\u00e1s <\/h1>\n<p><img decoding=\"async\" src=\"\/wp-content\/uploads\/2024\/03\/stromvzarovce.jpg\" align=\"right\" style=\"padding-left:30px;\">\nVe\u0159ejn\u00e9 osv\u011btlen\u00ed zasahuje do na\u0161ich \u017eivot\u016f mnohem z\u00e1va\u017en\u011bji, ne\u017e si  b\u011b\u017en\u011b p\u0159ipou\u0161t\u00edme, nebo\u0165 aktivn\u011b p\u016fsob\u00ed na n\u00e1\u0161 cirkadi\u00e1nn\u00ed rytmus a  ovliv\u0148uje tak na\u0161i&nbsp;bd\u011blost, v\u00fdkon, sp\u00e1nek i n\u00e1ladu. My v Estore s.r.o.  jsme si v\u011bdomi, \u017ee dobr\u00e9 ve\u0159ejn\u00e9 osv\u011btlen\u00ed poskytuje lidem zdrav\u011bj\u0161\u00ed,  p\u0159irozen\u011bj\u0161\u00ed, bezpe\u010dn\u011bj\u0161\u00ed a pohodln\u011bj\u0161\u00ed prost\u0159ed\u00ed pro jejich \u017eivoty.  Jsme py\u0161n\u00ed na to, \u017ee se n\u00e1m, \u010desk\u00fdm v\u00fdvoj\u00e1\u0159\u016fm a v\u00fdrobc\u016fm,&nbsp;da\u0159\u00ed p\u0159ich\u00e1zet  st\u00e1le s nov\u00fdmi n\u00e1pady a v mnoha sm\u011brech v\u00fdvoje ohledupln\u00fdch prost\u0159edk\u016f  pro ve\u0159ejn\u00e9ho osv\u011btlen\u00ed si p\u0159ipisovat prvenstv\u00ed. Citliv\u00e9 p\u016fsoben\u00ed sv\u011btla  z na\u0161ich sol\u00e1rn\u00edch lamp ch\u00e1peme jako n\u00e1\u0161 p\u0159\u00edsp\u011bvek ke  zvy\u0161ov\u00e1n\u00ed kvality \u017eivota a k udr\u017eiteln\u00e9mu rozvoji m\u011bst a obc\u00ed.<\/p>\n","protected":false},"excerpt":{"rendered":"<p>O n\u00e1s Ve\u0159ejn\u00e9 osv\u011btlen\u00ed zasahuje do na\u0161ich \u017eivot\u016f mnohem z\u00e1va\u017en\u011bji, ne\u017e si b\u011b\u017en\u011b p\u0159ipou\u0161t\u00edme, nebo\u0165 aktivn\u011b p\u016fsob\u00ed na n\u00e1\u0161 cirkadi\u00e1nn\u00ed rytmus a ovliv\u0148uje tak na\u0161i&nbsp;bd\u011blost, v\u00fdkon, sp\u00e1nek i n\u00e1ladu. My v Estore s.r.o. jsme si v\u011bdomi, \u017ee dobr\u00e9 ve\u0159ejn\u00e9 osv\u011btlen\u00ed poskytuje lidem zdrav\u011bj\u0161\u00ed, p\u0159irozen\u011bj\u0161\u00ed, bezpe\u010dn\u011bj\u0161\u00ed a pohodln\u011bj\u0161\u00ed prost\u0159ed\u00ed pro jejich \u017eivoty. Jsme py\u0161n\u00ed na to,<\/p>\n<div class=\"more-link\">\n\t\t\t\t <a href=\"https:\/\/solarniverejneosvetleni.cz\/index.php\/o-nas\/\" class=\"link-btn theme-btn\"><span>Read More <\/span> <i class=\"fa fa-caret-right\"><\/i><\/a>\n\t\t\t<\/div>\n","protected":false},"author":1,"featured_media":0,"parent":0,"menu_order":0,"comment_status":"closed","ping_status":"closed","template":"","meta":{"ngg_post_thumbnail":0,"footnotes":""},"_links":{"self":[{"href":"https:\/\/solarniverejneosvetleni.cz\/index.php\/wp-json\/wp\/v2\/pages\/179"}],"collection":[{"href":"https:\/\/solarniverejneosvetleni.cz\/index.php\/wp-json\/wp\/v2\/pages"}],"about":[{"href":"https:\/\/solarniverejneosvetleni.cz\/index.php\/wp-json\/wp\/v2\/types\/page"}],"author":[{"embeddable":true,"href":"https:\/\/solarniverejneosvetleni.cz\/index.php\/wp-json\/wp\/v2\/users\/1"}],"replies":[{"embeddable":true,"href":"https:\/\/solarniverejneosvetleni.cz\/index.php\/wp-json\/wp\/v2\/comments?post=179"}],"version-history":[{"count":15,"href":"https:\/\/solarniverejneosvetleni.cz\/index.php\/wp-json\/wp\/v2\/pages\/179\/revisions"}],"predecessor-version":[{"id":319,"href":"https:\/\/solarniverejneosvetleni.cz\/index.php\/wp-json\/wp\/v2\/pages\/179\/revisions\/319"}],"wp:attachment":[{"href":"https:\/\/solarniverejneosvetleni.cz\/index.php\/wp-json\/wp\/v2\/media?parent=179"}],"curies":[{"name":"wp","href":"https:\/\/api.w.org\/{rel}","templated":true}]}}