{"id":175,"date":"2024-03-04T12:04:35","date_gmt":"2024-03-04T11:04:35","guid":{"rendered":"http:\/\/new.solarniverejneosvetleni.cz\/?page_id=175"},"modified":"2024-03-05T23:43:46","modified_gmt":"2024-03-05T22:43:46","slug":"kontakty","status":"publish","type":"page","link":"https:\/\/solarniverejneosvetleni.cz\/index.php\/kontakty\/","title":{"rendered":"Kontakty"},"content":{"rendered":"\n<h1>Kontakty: <\/h1>\n\n\n\n<p>Informace a objedn\u00e1vky: +420 605 037 832 <br>Technick\u00e1 podpora: +420 608 111 068 <br>E-mail:  solarni.lampy@enstore.cz<\/p>\n\n\n\n<p><b>Adresa: (pro fakturaci, korespondenci a doru\u010den\u00ed zbo\u017e\u00ed):<\/b> <br>Enstore s.r.o.<br>Ond\u0159ejovsk\u00e1 699<br>251 64, Mnichovice<br>\u010cesk\u00e1 republika<\/p>\n\n\n\n<p><b>Adresa s\u00eddla spole\u010dnosti:<\/b> <br>Enstore s.r.o.<br>Hartigova 242<br>130 00, Praha 3<br>\u010cesk\u00e1 republika <\/p>\n\n\n\n<p>I\u010cO: 05590477 <br>DI\u010c: CZ05590477 <br>\u010d. \u00fa\u010dtu: 2601133158\/2010<\/p>\n","protected":false},"excerpt":{"rendered":"<p>Kontakty: Informace a objedn\u00e1vky: +420 605 037 832 Technick\u00e1 podpora: +420 608 111 068 E-mail: solarni.lampy@enstore.cz Adresa: (pro fakturaci, korespondenci a doru\u010den\u00ed zbo\u017e\u00ed): Enstore s.r.o.Ond\u0159ejovsk\u00e1 699251 64, Mnichovice\u010cesk\u00e1 republika Adresa s\u00eddla spole\u010dnosti: Enstore s.r.o.Hartigova 242130 00, Praha 3\u010cesk\u00e1 republika I\u010cO: 05590477 DI\u010c: CZ05590477 \u010d. \u00fa\u010dtu: 2601133158\/2010<\/p>\n","protected":false},"author":1,"featured_media":0,"parent":0,"menu_order":0,"comment_status":"closed","ping_status":"closed","template":"","meta":{"ngg_post_thumbnail":0,"footnotes":""},"_links":{"self":[{"href":"https:\/\/solarniverejneosvetleni.cz\/index.php\/wp-json\/wp\/v2\/pages\/175"}],"collection":[{"href":"https:\/\/solarniverejneosvetleni.cz\/index.php\/wp-json\/wp\/v2\/pages"}],"about":[{"href":"https:\/\/solarniverejneosvetleni.cz\/index.php\/wp-json\/wp\/v2\/types\/page"}],"author":[{"embeddable":true,"href":"https:\/\/solarniverejneosvetleni.cz\/index.php\/wp-json\/wp\/v2\/users\/1"}],"replies":[{"embeddable":true,"href":"https:\/\/solarniverejneosvetleni.cz\/index.php\/wp-json\/wp\/v2\/comments?post=175"}],"version-history":[{"count":4,"href":"https:\/\/solarniverejneosvetleni.cz\/index.php\/wp-json\/wp\/v2\/pages\/175\/revisions"}],"predecessor-version":[{"id":300,"href":"https:\/\/solarniverejneosvetleni.cz\/index.php\/wp-json\/wp\/v2\/pages\/175\/revisions\/300"}],"wp:attachment":[{"href":"https:\/\/solarniverejneosvetleni.cz\/index.php\/wp-json\/wp\/v2\/media?parent=175"}],"curies":[{"name":"wp","href":"https:\/\/api.w.org\/{rel}","templated":true}]}}